{"id":49,"date":"2013-10-08T13:21:32","date_gmt":"2013-10-08T13:21:32","guid":{"rendered":"https:\/\/kleparz.misjonarze.pl\/index.php\/sanktuarium\/"},"modified":"2023-05-22T23:26:03","modified_gmt":"2023-05-22T21:26:03","slug":"sanktuarium","status":"publish","type":"page","link":"https:\/\/kleparz.misjonarze.pl\/index.php\/sanktuarium\/","title":{"rendered":"Obraz Pana Jezusa Milaty\u0144skiego"},"content":{"rendered":"\t\t<div data-elementor-type=\"wp-page\" data-elementor-id=\"49\" class=\"elementor elementor-49\">\n\t\t\t\t\t\t<section class=\"elementor-section elementor-top-section elementor-element elementor-element-657dfc4d elementor-section-boxed elementor-section-height-default elementor-section-height-default\" data-id=\"657dfc4d\" data-element_type=\"section\" data-e-type=\"section\">\n\t\t\t\t\t\t<div class=\"elementor-container elementor-column-gap-default\">\n\t\t\t\t\t<div class=\"elementor-column elementor-col-100 elementor-top-column elementor-element elementor-element-6cb5616d\" data-id=\"6cb5616d\" data-element_type=\"column\" data-e-type=\"column\">\n\t\t\t<div class=\"elementor-widget-wrap elementor-element-populated\">\n\t\t\t\t\t\t<div class=\"elementor-element elementor-element-3391ef5 elementor-widget elementor-widget-heading\" data-id=\"3391ef5\" data-element_type=\"widget\" data-e-type=\"widget\" data-widget_type=\"heading.default\">\n\t\t\t\t<div class=\"elementor-widget-container\">\n\t\t\t\t\t<h4 class=\"elementor-heading-title elementor-size-default\">Obraz Pana Jezusa Milaty\u0144skiego<\/h4>\t\t\t\t<\/div>\n\t\t\t\t<\/div>\n\t\t\t\t<div class=\"elementor-element elementor-element-bd2dcbb elementor-widget elementor-widget-text-editor\" data-id=\"bd2dcbb\" data-element_type=\"widget\" data-e-type=\"widget\" data-widget_type=\"text-editor.default\">\n\t\t\t\t<div class=\"elementor-widget-container\">\n\t\t\t\t\t\t\t\t\t<p style=\"text-align: justify;\">W naszym ko\u015bciele znajduje si\u0119 obraz Ukrzy\u017cowanego Pana Jezusa, zwany Milaty\u0144skim, s\u0142yn\u0105cy \u0142askami i cudami. Obraz jest \u015bredniej wielko\u015bci: 56&#215;73 cm. Malowany jest olejnymi farbami na grubym p\u0142\u00f3tnie. T\u0142o obrazu jest jasne za\u015b posta\u0107 ukrzy\u017cowanego Jezusa ciemniejsza. G\u0142owa Zbawiciela, z kt\u00f3rej zwisaj\u0105 w\u0142osy, opiera si\u0119 na prawym ramieniu, niemal r\u00f3wnolegle do poziomej belki krzy\u017ca. Twarz Zbawiciela zwr\u00f3cona jest ku przodowi, jakby patrz\u0105ca na ludzi w wielkim b\u00f3lu. Na g\u0142owie jest cierniowa korona. Z r\u0105k i z boku sp\u0142ywaj\u0105 krople krwi. Na lewym ramieniu przy szyi wida\u0107 wyra\u017anie g\u0142\u0119boka ran\u0119 od niesionego krzy\u017ca.<\/p><p style=\"text-align: justify;\">Obraz pojawi\u0142 si\u0119 w Polsce ok. roku 1700. Przywi\u00f3z\u0142 go z Rzymu o. J\u00f3zef Mocarski prowincja\u0142 dominikan\u00f3w i ofiarowa\u0142 swojej krewnej Joannie Krzeczowskiej w dniu jej za\u015blubin z pu\u0142kownikiem wojsk koronnych &#8211; Pop\u0142awskim. Nast\u0119pnie by\u0142 ofiarowywany kolejnym pokoleniom i otoczony wielk\u0105 czci\u0105 i zaw\u0119drowa\u0142 na wsch\u00f3d. Utwierdza\u0142o si\u0119 prze\u015bwiadczenie o \u201e\u0141askawo\u015bci\u201d opisywanego obrazu. W 1758 roku ukaza\u0142a si\u0119 ksi\u0105\u017cka \u201c\u0179r\u00f3d\u0142a \u017cywota\u201d zawieraj\u0105ca opisy licznych cud\u00f3w i \u0142ask doznawanych po modlitwie przed obrazem Pana Jezusa Mi\u0142osiernego. Cudowny obraz umieszczony w kaplicy domowej pa\u0144stwa Sobieszcza\u0144skich. Coraz wi\u0119cej ludzi doznawa\u0142o uzdrowie\u0144. Arcybiskup Lwowski powo\u0142a\u0142 specjaln\u0105 komisj\u0119, kt\u00f3ra przeanalizowa\u0142a nadzwyczajne zjawiska i wyda\u0142 10 lipca 1747 roku dekret uznaj\u0105cy obraz Pana Jezusa Mi\u0142osiernego jako \u201e\u0142askawy\u201d i poleci\u0142 go przenie\u015b\u0107 do ko\u015bcio\u0142a ojc\u00f3w karmelit\u00f3w bosych w Milatynie Nowym. Odt\u0105d zacz\u0119to obraz nazywa\u0107 \u201eMilaty\u0144skim\u201d. W 1771 &#8211; 1779 roku zbudowano now\u0105 \u015bwi\u0105tyni\u0119 gdzie umieszczono obraz ale i ona z trudem mie\u015bci\u0142a pielgrzym\u00f3w. \u015aciany \u015bwi\u0105tyni pokrywano wotami wdzi\u0119czno\u015bci za otrzymane \u0142aski. Milatyn Nowy po\u0142o\u017cy jest ok. 40 km na p\u00f3\u0142nocny wsch\u00f3d od Lwowa. Jest to XV wieczny gr\u00f3d. Ojcowie karmelici opiekowali si\u0119 ko\u015bcio\u0142em i obrazem do czasu kasaty zakonu w 1788 roku. W 1906 roku arcybiskup J\u00f3zef Bilczewski metropolita lwowski powierzy\u0142 parafi\u0119 w Milatynie wraz z cudownym obrazem Ksi\u0119\u017com ze Zgromadzenia Ksi\u0119\u017cy Misjonarzy \u015bw. Wincentego a Paulo. Misjonarze krzewili cze\u015b\u0107 do cudownego obrazu. Po drugiej wojnie \u015bwiatowej musieli jednak opu\u015bci\u0107 Milatyn i wschodnie tereny Polski. Wyje\u017cd\u017caj\u0105c wraz z wiernymi, przywie\u017ali obraz Pana Jezusa Milaty\u0144skiego do Krakowa i umie\u015bcili w tutejszym ko\u015bciele. W ka\u017cdy pi\u0105tek odprawia si\u0119 nowenna podzi\u0119kowa\u0144 i pr\u00f3\u015bb.<\/p><p style=\"text-align: justify;\"><strong>Sanktuarium Matki Bo\u017cej Lourde\u0144skiej\u00a0<\/strong><\/p><p style=\"text-align: justify;\">W kaplicy naszego ko\u015bcio\u0142a znajduje si\u0119 S\u0141YN\u0104CA \u0141ASKAMI figura NMP Niepokalanej z Lourdes, wykonana jako jedna z pierwszych za \u017cycia \u015bw. Bernadetty Sobierous, kt\u00f3rej Matka Naj\u015bwi\u0119tsza ukaza\u0142a si\u0119 osiemna\u015bcie razy w Grocie Masabielskiej.<\/p>\t\t\t\t\t\t\t\t<\/div>\n\t\t\t\t<\/div>\n\t\t\t\t<div class=\"elementor-element elementor-element-eda651f elementor-widget elementor-widget-image\" data-id=\"eda651f\" data-element_type=\"widget\" data-e-type=\"widget\" data-widget_type=\"image.default\">\n\t\t\t\t<div class=\"elementor-widget-container\">\n\t\t\t\t\t\t\t\t\t\t\t\t\t\t\t<img fetchpriority=\"high\" decoding=\"async\" width=\"1024\" height=\"723\" src=\"https:\/\/kleparz.misjonarze.pl\/wp-content\/uploads\/2023\/04\/4-1024x723.jpg\" class=\"attachment-large size-large wp-image-3055\" alt=\"\" srcset=\"https:\/\/kleparz.misjonarze.pl\/wp-content\/uploads\/2023\/04\/4-1024x723.jpg 1024w, https:\/\/kleparz.misjonarze.pl\/wp-content\/uploads\/2023\/04\/4-300x212.jpg 300w, https:\/\/kleparz.misjonarze.pl\/wp-content\/uploads\/2023\/04\/4-768x542.jpg 768w, https:\/\/kleparz.misjonarze.pl\/wp-content\/uploads\/2023\/04\/4.jpg 1529w\" sizes=\"(max-width: 1024px) 100vw, 1024px\" \/>\t\t\t\t\t\t\t\t\t\t\t\t\t\t\t<\/div>\n\t\t\t\t<\/div>\n\t\t\t\t\t<\/div>\n\t\t<\/div>\n\t\t\t\t\t<\/div>\n\t\t<\/section>\n\t\t\t\t<\/div>\n\t\t","protected":false},"excerpt":{"rendered":"<p>Obraz Pana Jezusa Milaty\u0144skiego W naszym ko\u015bciele znajduje si\u0119 obraz Ukrzy\u017cowanego Pana Jezusa, zwany Milaty\u0144skim, s\u0142yn\u0105cy \u0142askami i cudami. Obraz<\/p>\n","protected":false},"author":1,"featured_media":0,"parent":0,"menu_order":0,"comment_status":"closed","ping_status":"closed","template":"elementor_header_footer","meta":{"colormag_page_container_layout":"default_layout","colormag_page_sidebar_layout":"default_layout","footnotes":""},"class_list":["post-49","page","type-page","status-publish","hentry"],"_links":{"self":[{"href":"https:\/\/kleparz.misjonarze.pl\/index.php\/wp-json\/wp\/v2\/pages\/49","targetHints":{"allow":["GET"]}}],"collection":[{"href":"https:\/\/kleparz.misjonarze.pl\/index.php\/wp-json\/wp\/v2\/pages"}],"about":[{"href":"https:\/\/kleparz.misjonarze.pl\/index.php\/wp-json\/wp\/v2\/types\/page"}],"author":[{"embeddable":true,"href":"https:\/\/kleparz.misjonarze.pl\/index.php\/wp-json\/wp\/v2\/users\/1"}],"replies":[{"embeddable":true,"href":"https:\/\/kleparz.misjonarze.pl\/index.php\/wp-json\/wp\/v2\/comments?post=49"}],"version-history":[{"count":3,"href":"https:\/\/kleparz.misjonarze.pl\/index.php\/wp-json\/wp\/v2\/pages\/49\/revisions"}],"predecessor-version":[{"id":3421,"href":"https:\/\/kleparz.misjonarze.pl\/index.php\/wp-json\/wp\/v2\/pages\/49\/revisions\/3421"}],"wp:attachment":[{"href":"https:\/\/kleparz.misjonarze.pl\/index.php\/wp-json\/wp\/v2\/media?parent=49"}],"curies":[{"name":"wp","href":"https:\/\/api.w.org\/{rel}","templated":true}]}}