{"id":455,"date":"2017-01-25T21:35:58","date_gmt":"2017-01-25T21:35:58","guid":{"rendered":"https:\/\/kleparz.misjonarze.pl\/index.php\/sanktuarium-nmp-lourdenskiej-w-krakowie\/"},"modified":"2023-05-22T22:56:26","modified_gmt":"2023-05-22T20:56:26","slug":"sanktuarium-nmp-lourdenskiej-w-krakowie","status":"publish","type":"page","link":"https:\/\/kleparz.misjonarze.pl\/index.php\/sanktuarium-nmp-lourdenskiej-w-krakowie\/","title":{"rendered":"Sanktuarium NMP Lourde\u0144skiej w Krakowie"},"content":{"rendered":"\t\t<div data-elementor-type=\"wp-page\" data-elementor-id=\"455\" class=\"elementor elementor-455\">\n\t\t\t\t\t\t<section class=\"elementor-section elementor-top-section elementor-element elementor-element-2d4784ca elementor-section-boxed elementor-section-height-default elementor-section-height-default\" data-id=\"2d4784ca\" data-element_type=\"section\" data-e-type=\"section\">\n\t\t\t\t\t\t<div class=\"elementor-container elementor-column-gap-default\">\n\t\t\t\t\t<div class=\"elementor-column elementor-col-100 elementor-top-column elementor-element elementor-element-4c20c9a8\" data-id=\"4c20c9a8\" data-element_type=\"column\" data-e-type=\"column\">\n\t\t\t<div class=\"elementor-widget-wrap elementor-element-populated\">\n\t\t\t\t\t\t<div class=\"elementor-element elementor-element-4c7e9e4 elementor-widget elementor-widget-heading\" data-id=\"4c7e9e4\" data-element_type=\"widget\" data-e-type=\"widget\" data-widget_type=\"heading.default\">\n\t\t\t\t<div class=\"elementor-widget-container\">\n\t\t\t\t\t<h4 class=\"elementor-heading-title elementor-size-default\">Sanktuarium NMP Lourde\u0144skiej w Krakowie<\/h4>\t\t\t\t<\/div>\n\t\t\t\t<\/div>\n\t\t\t\t<div class=\"elementor-element elementor-element-5b32d5fa elementor-widget elementor-widget-text-editor\" data-id=\"5b32d5fa\" data-element_type=\"widget\" data-e-type=\"widget\" data-widget_type=\"text-editor.default\">\n\t\t\t\t<div class=\"elementor-widget-container\">\n\t\t\t\t\t\t\t\t\t<p style=\"text-align: justify;\">Ko\u015bci\u00f3\u0142 Zgromadzenia Ksi\u0119\u017cy Misjonarzy \u015bw. Wincentego a Paulo\u00a0 w Krakowie przy ul.\u015bw. Filipa 19,\u00a0 znany jest jako Snaktuarium Matki Boskiej Lourde\u0144skiej. W kaplicy naszego ko\u015bcio\u0142a znajduje si\u0119 s\u0142yn\u0105ca \u0142askami figura NMP Niepokalanej z Lourdes, wykonana jako jedna z pierwszych jeszcze za \u017cycia \u015bw. Bernadetty Soubirous, kt\u00f3rej Matka Naj\u015bwi\u0119tsza ukazywa\u0142a si\u0119 osiemna\u015bcie razy w Grocie Massabielskiej.\u00a0 Figur\u0119 przywi\u00f3z\u0142 do Polski francuski misjonarz ks. Piotr Soubieille, kt\u00f3ry przyby\u0142 do Krakowa w 1866 roku jako organizator i prze\u0142o\u017cony odradzaj\u0105cej si\u0119 Polskiej Prowincji Zgromadzenia Misji. Mi\u0142o\u015b\u0107 do nowej ojczyzny i gorliwo\u015b\u0107 apostolsk\u0105 opar\u0142 na fundamencie nabo\u017ce\u0144stwa do Niepokalanej z Lourdes. Dodatkowym motywem szerzenia tego nabo\u017ce\u0144stwa by\u0142o jego cudowne uzdrowienie po ci\u0119\u017ckim wypadku.<br \/>Najpierw przywiezion\u0105 figur\u0119 umie\u015bci\u0142 w kaplicy domowej zgromadzenia. Nast\u0119pnie rozpocz\u0105\u0142\u00a0 starania zmierzaj\u0105ce do budowy nowego ko\u015bcio\u0142a pod wezwaniem \u015bw. Wincentego a Paulo, w kt\u00f3rym do dzi\u015b znajduje si\u0119 s\u0142yn\u0105ca \u0142askami i otaczana czci\u0105 figura Matki Bo\u017cej Niepokalanej z Lourdes. Liczne wota umieszczone\u00a0 na \u015bcianach kaplicy \u015bwiadcz\u0105 o nadzwyczajnych \u0142askach otrzymywanych za po\u015brednictwem Maryi. W ka\u017cd\u0105 \u015brod\u0119\u00a0 wieczorem odprawiana jest Msza \u015bw. z nowenn\u0105 podzi\u0119kowa\u0144\u00a0 i pr\u00f3\u015bb ku czci Maryi Niepokalanej. Zapraszamy do wsp\u00f3lnej modlitwy.<\/p>\t\t\t\t\t\t\t\t<\/div>\n\t\t\t\t<\/div>\n\t\t\t\t<div class=\"elementor-element elementor-element-53adb7d elementor-widget elementor-widget-image\" data-id=\"53adb7d\" data-element_type=\"widget\" data-e-type=\"widget\" data-widget_type=\"image.default\">\n\t\t\t\t<div class=\"elementor-widget-container\">\n\t\t\t\t\t\t\t\t\t\t\t\t\t\t\t<img fetchpriority=\"high\" decoding=\"async\" width=\"1024\" height=\"768\" src=\"https:\/\/kleparz.misjonarze.pl\/wp-content\/uploads\/2023\/04\/IMG20230413125758-Duzy-1024x768.jpg\" class=\"attachment-large size-large wp-image-3130\" alt=\"\" srcset=\"https:\/\/kleparz.misjonarze.pl\/wp-content\/uploads\/2023\/04\/IMG20230413125758-Duzy-1024x768.jpg 1024w, https:\/\/kleparz.misjonarze.pl\/wp-content\/uploads\/2023\/04\/IMG20230413125758-Duzy-300x225.jpg 300w, https:\/\/kleparz.misjonarze.pl\/wp-content\/uploads\/2023\/04\/IMG20230413125758-Duzy-768x576.jpg 768w, https:\/\/kleparz.misjonarze.pl\/wp-content\/uploads\/2023\/04\/IMG20230413125758-Duzy.jpg 1440w\" sizes=\"(max-width: 1024px) 100vw, 1024px\" \/>\t\t\t\t\t\t\t\t\t\t\t\t\t\t\t<\/div>\n\t\t\t\t<\/div>\n\t\t\t\t\t<\/div>\n\t\t<\/div>\n\t\t\t\t\t<\/div>\n\t\t<\/section>\n\t\t\t\t<\/div>\n\t\t","protected":false},"excerpt":{"rendered":"<p>Sanktuarium NMP Lourde\u0144skiej w Krakowie Ko\u015bci\u00f3\u0142 Zgromadzenia Ksi\u0119\u017cy Misjonarzy \u015bw. Wincentego a Paulo\u00a0 w Krakowie przy ul.\u015bw. Filipa 19,\u00a0 znany<\/p>\n","protected":false},"author":1,"featured_media":0,"parent":0,"menu_order":0,"comment_status":"closed","ping_status":"closed","template":"elementor_header_footer","meta":{"colormag_page_container_layout":"default_layout","colormag_page_sidebar_layout":"default_layout","footnotes":""},"class_list":["post-455","page","type-page","status-publish","hentry"],"_links":{"self":[{"href":"https:\/\/kleparz.misjonarze.pl\/index.php\/wp-json\/wp\/v2\/pages\/455","targetHints":{"allow":["GET"]}}],"collection":[{"href":"https:\/\/kleparz.misjonarze.pl\/index.php\/wp-json\/wp\/v2\/pages"}],"about":[{"href":"https:\/\/kleparz.misjonarze.pl\/index.php\/wp-json\/wp\/v2\/types\/page"}],"author":[{"embeddable":true,"href":"https:\/\/kleparz.misjonarze.pl\/index.php\/wp-json\/wp\/v2\/users\/1"}],"replies":[{"embeddable":true,"href":"https:\/\/kleparz.misjonarze.pl\/index.php\/wp-json\/wp\/v2\/comments?post=455"}],"version-history":[{"count":6,"href":"https:\/\/kleparz.misjonarze.pl\/index.php\/wp-json\/wp\/v2\/pages\/455\/revisions"}],"predecessor-version":[{"id":3380,"href":"https:\/\/kleparz.misjonarze.pl\/index.php\/wp-json\/wp\/v2\/pages\/455\/revisions\/3380"}],"wp:attachment":[{"href":"https:\/\/kleparz.misjonarze.pl\/index.php\/wp-json\/wp\/v2\/media?parent=455"}],"curies":[{"name":"wp","href":"https:\/\/api.w.org\/{rel}","templated":true}]}}