{"id":34,"date":"2013-10-08T12:51:26","date_gmt":"2013-10-08T12:51:26","guid":{"rendered":"https:\/\/kleparz.misjonarze.pl\/index.php\/intencje\/"},"modified":"2023-05-22T23:26:55","modified_gmt":"2023-05-22T21:26:55","slug":"intencje","status":"publish","type":"page","link":"https:\/\/kleparz.misjonarze.pl\/index.php\/intencje\/","title":{"rendered":"Intencje Mszy \u015bw."},"content":{"rendered":"\t\t<div data-elementor-type=\"wp-page\" data-elementor-id=\"34\" class=\"elementor elementor-34\">\n\t\t\t\t\t\t<section class=\"elementor-section elementor-top-section elementor-element elementor-element-7eea6ee elementor-section-boxed elementor-section-height-default elementor-section-height-default\" data-id=\"7eea6ee\" data-element_type=\"section\" data-e-type=\"section\">\n\t\t\t\t\t\t<div class=\"elementor-container elementor-column-gap-default\">\n\t\t\t\t\t<div class=\"elementor-column elementor-col-100 elementor-top-column elementor-element elementor-element-10f90f1c\" data-id=\"10f90f1c\" data-element_type=\"column\" data-e-type=\"column\">\n\t\t\t<div class=\"elementor-widget-wrap elementor-element-populated\">\n\t\t\t\t\t\t<div class=\"elementor-element elementor-element-c779553 elementor-widget elementor-widget-heading\" data-id=\"c779553\" data-element_type=\"widget\" data-e-type=\"widget\" data-widget_type=\"heading.default\">\n\t\t\t\t<div class=\"elementor-widget-container\">\n\t\t\t\t\t<h4 class=\"elementor-heading-title elementor-size-default\">Intencje Mszy \u015awi\u0119tych<\/h4>\t\t\t\t<\/div>\n\t\t\t\t<\/div>\n\t\t\t\t<div class=\"elementor-element elementor-element-6d4ab682 elementor-widget elementor-widget-text-editor\" data-id=\"6d4ab682\" data-element_type=\"widget\" data-e-type=\"widget\" data-widget_type=\"text-editor.default\">\n\t\t\t\t<div class=\"elementor-widget-container\">\n\t\t\t\t\t\t\t\t\t<h2><strong style=\"font-size: 16px; color: var( --e-global-color-text );\">Intencje Mszy \u015bw. mo\u017cna zamawia\u0107 na furcie w godzinach:<\/strong><br><\/h2>\n<ul style=\"\\&quot;list-style-type:\" disc;\\\"=\"\">\n<li>dni powszednie 8.00 \u2013 18.00 (przerwa obiadowa 11.30 \u2013 12.00)<\/li>\n<li>niedziele i \u015bwi\u0119ta 8.00 \u2013 13.00 (przerwa obiadowa&nbsp; 11.30 \u2013 12.00)<\/li>\n<li>istnieje mo\u017cliwo\u015b\u0107 zamawiania <a href=\"\\&quot;http:http%3A%2F%2Fkleparz.zajecia.ovh\/?page_id=30\\&quot;\"><strong>Mszy \u015bw. Gregoria\u0144skich<\/strong><\/a><\/li>\n<\/ul>\t\t\t\t\t\t\t\t<\/div>\n\t\t\t\t<\/div>\n\t\t\t\t<div class=\"elementor-element elementor-element-b59507c elementor-widget elementor-widget-image\" data-id=\"b59507c\" data-element_type=\"widget\" data-e-type=\"widget\" data-widget_type=\"image.default\">\n\t\t\t\t<div class=\"elementor-widget-container\">\n\t\t\t\t\t\t\t\t\t\t\t\t\t\t\t<img fetchpriority=\"high\" decoding=\"async\" width=\"1024\" height=\"723\" src=\"https:\/\/kleparz.misjonarze.pl\/wp-content\/uploads\/2023\/05\/2-1024x723.jpg\" class=\"attachment-large size-large wp-image-3225\" alt=\"\" srcset=\"https:\/\/kleparz.misjonarze.pl\/wp-content\/uploads\/2023\/05\/2-1024x723.jpg 1024w, https:\/\/kleparz.misjonarze.pl\/wp-content\/uploads\/2023\/05\/2-300x212.jpg 300w, https:\/\/kleparz.misjonarze.pl\/wp-content\/uploads\/2023\/05\/2-768x542.jpg 768w, https:\/\/kleparz.misjonarze.pl\/wp-content\/uploads\/2023\/05\/2.jpg 1529w\" sizes=\"(max-width: 1024px) 100vw, 1024px\" \/>\t\t\t\t\t\t\t\t\t\t\t\t\t\t\t<\/div>\n\t\t\t\t<\/div>\n\t\t\t\t\t<\/div>\n\t\t<\/div>\n\t\t\t\t\t<\/div>\n\t\t<\/section>\n\t\t\t\t<\/div>\n\t\t","protected":false},"excerpt":{"rendered":"<p>Intencje Mszy \u015awi\u0119tych Intencje Mszy \u015bw. mo\u017cna zamawia\u0107 na furcie w godzinach:<\/p>\n","protected":false},"author":1,"featured_media":0,"parent":0,"menu_order":0,"comment_status":"closed","ping_status":"closed","template":"elementor_header_footer","meta":{"colormag_page_container_layout":"default_layout","colormag_page_sidebar_layout":"default_layout","footnotes":""},"class_list":["post-34","page","type-page","status-publish","hentry"],"_links":{"self":[{"href":"https:\/\/kleparz.misjonarze.pl\/index.php\/wp-json\/wp\/v2\/pages\/34","targetHints":{"allow":["GET"]}}],"collection":[{"href":"https:\/\/kleparz.misjonarze.pl\/index.php\/wp-json\/wp\/v2\/pages"}],"about":[{"href":"https:\/\/kleparz.misjonarze.pl\/index.php\/wp-json\/wp\/v2\/types\/page"}],"author":[{"embeddable":true,"href":"https:\/\/kleparz.misjonarze.pl\/index.php\/wp-json\/wp\/v2\/users\/1"}],"replies":[{"embeddable":true,"href":"https:\/\/kleparz.misjonarze.pl\/index.php\/wp-json\/wp\/v2\/comments?post=34"}],"version-history":[{"count":6,"href":"https:\/\/kleparz.misjonarze.pl\/index.php\/wp-json\/wp\/v2\/pages\/34\/revisions"}],"predecessor-version":[{"id":3424,"href":"https:\/\/kleparz.misjonarze.pl\/index.php\/wp-json\/wp\/v2\/pages\/34\/revisions\/3424"}],"wp:attachment":[{"href":"https:\/\/kleparz.misjonarze.pl\/index.php\/wp-json\/wp\/v2\/media?parent=34"}],"curies":[{"name":"wp","href":"https:\/\/api.w.org\/{rel}","templated":true}]}}