{"id":279,"date":"2016-10-02T20:44:40","date_gmt":"2016-10-02T20:44:40","guid":{"rendered":"https:\/\/kleparz.misjonarze.pl\/index.php\/ksieza-pracujacy-w-naszym-domu-zgromadzenia\/"},"modified":"2023-05-22T23:21:46","modified_gmt":"2023-05-22T21:21:46","slug":"ksieza-pracujacy-w-naszym-domu-zgromadzenia","status":"publish","type":"page","link":"https:\/\/kleparz.misjonarze.pl\/index.php\/ksieza-pracujacy-w-naszym-domu-zgromadzenia\/","title":{"rendered":"Ksi\u0119\u017ca pracuj\u0105cy w naszym Domu Zgromadzenia"},"content":{"rendered":"\t\t<div data-elementor-type=\"wp-page\" data-elementor-id=\"279\" class=\"elementor elementor-279\">\n\t\t\t\t\t\t<section class=\"elementor-section elementor-top-section elementor-element elementor-element-2bbbdaaf elementor-section-boxed elementor-section-height-default elementor-section-height-default\" data-id=\"2bbbdaaf\" data-element_type=\"section\" data-e-type=\"section\">\n\t\t\t\t\t\t<div class=\"elementor-container elementor-column-gap-default\">\n\t\t\t\t\t<div class=\"elementor-column elementor-col-100 elementor-top-column elementor-element elementor-element-4d21f7c1\" data-id=\"4d21f7c1\" data-element_type=\"column\" data-e-type=\"column\">\n\t\t\t<div class=\"elementor-widget-wrap elementor-element-populated\">\n\t\t\t\t\t\t<div class=\"elementor-element elementor-element-a727335 elementor-widget elementor-widget-heading\" data-id=\"a727335\" data-element_type=\"widget\" data-e-type=\"widget\" data-widget_type=\"heading.default\">\n\t\t\t\t<div class=\"elementor-widget-container\">\n\t\t\t\t\t<h4 class=\"elementor-heading-title elementor-size-default\">Ksi\u0119\u017ca pracuj\u0105cy w naszym Domu Zgromadzenia<\/h4>\t\t\t\t<\/div>\n\t\t\t\t<\/div>\n\t\t\t\t<div class=\"elementor-element elementor-element-79827401 elementor-widget elementor-widget-text-editor\" data-id=\"79827401\" data-element_type=\"widget\" data-e-type=\"widget\" data-widget_type=\"text-editor.default\">\n\t\t\t\t<div class=\"elementor-widget-container\">\n\t\t\t\t\t\t\t\t\t<ol><li><strong> ks. mgr Jacek Gasi\u0144ski CM, <\/strong>wy\u015bw.1981, Rektor Ko\u015bcio\u0142a pw. \u015aw. Wincentego a Paulo; Superior Domu Zgromadzenia; Cz\u0142onek Rady Fundacji im. Ks. Siemaszki w Piekarach<\/li><li><strong> ks. lic. mgr Bogdan Zapotoczny CM<\/strong>, wy\u015bw. 1991, Dyrektor Zgromadzenia Si\u00f3str Mi\u0142osierdzia Prowincji Krakowskiej; Asystent Domu Zgromadzenia Misji<\/li><li><strong> ks. dr J\u00f3zef \u0141ucyszyn CM<\/strong>, wy\u015bw. 1983, Przewodnicz\u0105cy Rady Fundacji \u00a0\u00a0im. Ks. Siemaszki w Piekarach; duszpasterz ko\u015bcio\u0142a pod wezwaniem \u015aw. Wincentego a Paulo na kleparzu<\/li><\/ol><p>W Domu Zgromadzenia zamieszkuj\u0105 r\u00f3wnie\u017c kapelanii szpitali:\u00a0 miejskiego im. Narutowicza; Uniwersyteckiego im. \u015bw. \u0141azarza; kapelan aresztu \u015bledczego\u00a0 Montelupich,\u00a0 kapelani\u00a0 DPS-u im. Helcl\u00f3w oraz ksi\u0119\u017ca rezydenci i ksi\u0119\u017c\u0105 chorzy<\/p>\t\t\t\t\t\t\t\t<\/div>\n\t\t\t\t<\/div>\n\t\t\t\t<div class=\"elementor-element elementor-element-17b22af elementor-widget elementor-widget-image\" data-id=\"17b22af\" data-element_type=\"widget\" data-e-type=\"widget\" data-widget_type=\"image.default\">\n\t\t\t\t<div class=\"elementor-widget-container\">\n\t\t\t\t\t\t\t\t\t\t\t\t\t\t\t<img fetchpriority=\"high\" decoding=\"async\" width=\"800\" height=\"477\" src=\"https:\/\/kleparz.misjonarze.pl\/wp-content\/uploads\/2023\/04\/Wielki-Czwartek-AD-2023-1024x611.jpg\" class=\"attachment-large size-large wp-image-3092\" alt=\"\" srcset=\"https:\/\/kleparz.misjonarze.pl\/wp-content\/uploads\/2023\/04\/Wielki-Czwartek-AD-2023-1024x611.jpg 1024w, https:\/\/kleparz.misjonarze.pl\/wp-content\/uploads\/2023\/04\/Wielki-Czwartek-AD-2023-300x179.jpg 300w, https:\/\/kleparz.misjonarze.pl\/wp-content\/uploads\/2023\/04\/Wielki-Czwartek-AD-2023-768x458.jpg 768w, https:\/\/kleparz.misjonarze.pl\/wp-content\/uploads\/2023\/04\/Wielki-Czwartek-AD-2023-1536x917.jpg 1536w, https:\/\/kleparz.misjonarze.pl\/wp-content\/uploads\/2023\/04\/Wielki-Czwartek-AD-2023-2048x1222.jpg 2048w\" sizes=\"(max-width: 800px) 100vw, 800px\" \/>\t\t\t\t\t\t\t\t\t\t\t\t\t\t\t<\/div>\n\t\t\t\t<\/div>\n\t\t\t\t\t<\/div>\n\t\t<\/div>\n\t\t\t\t\t<\/div>\n\t\t<\/section>\n\t\t\t\t<\/div>\n\t\t","protected":false},"excerpt":{"rendered":"<p>Ksi\u0119\u017ca pracuj\u0105cy w naszym Domu Zgromadzenia ks. mgr Jacek Gasi\u0144ski CM, wy\u015bw.1981, Rektor Ko\u015bcio\u0142a pw. \u015aw. Wincentego a Paulo; Superior<\/p>\n","protected":false},"author":1,"featured_media":0,"parent":0,"menu_order":0,"comment_status":"closed","ping_status":"closed","template":"elementor_header_footer","meta":{"colormag_page_container_layout":"default_layout","colormag_page_sidebar_layout":"default_layout","footnotes":""},"class_list":["post-279","page","type-page","status-publish","hentry"],"_links":{"self":[{"href":"https:\/\/kleparz.misjonarze.pl\/index.php\/wp-json\/wp\/v2\/pages\/279","targetHints":{"allow":["GET"]}}],"collection":[{"href":"https:\/\/kleparz.misjonarze.pl\/index.php\/wp-json\/wp\/v2\/pages"}],"about":[{"href":"https:\/\/kleparz.misjonarze.pl\/index.php\/wp-json\/wp\/v2\/types\/page"}],"author":[{"embeddable":true,"href":"https:\/\/kleparz.misjonarze.pl\/index.php\/wp-json\/wp\/v2\/users\/1"}],"replies":[{"embeddable":true,"href":"https:\/\/kleparz.misjonarze.pl\/index.php\/wp-json\/wp\/v2\/comments?post=279"}],"version-history":[{"count":6,"href":"https:\/\/kleparz.misjonarze.pl\/index.php\/wp-json\/wp\/v2\/pages\/279\/revisions"}],"predecessor-version":[{"id":3411,"href":"https:\/\/kleparz.misjonarze.pl\/index.php\/wp-json\/wp\/v2\/pages\/279\/revisions\/3411"}],"wp:attachment":[{"href":"https:\/\/kleparz.misjonarze.pl\/index.php\/wp-json\/wp\/v2\/media?parent=279"}],"curies":[{"name":"wp","href":"https:\/\/api.w.org\/{rel}","templated":true}]}}