{"id":20,"date":"2013-10-08T12:34:54","date_gmt":"2013-10-08T12:34:54","guid":{"rendered":"https:\/\/kleparz.misjonarze.pl\/index.php\/nabozenstwa\/"},"modified":"2023-07-07T20:36:48","modified_gmt":"2023-07-07T18:36:48","slug":"nabozenstwa","status":"publish","type":"page","link":"https:\/\/kleparz.misjonarze.pl\/index.php\/kosciol-2\/nabozenstwa\/","title":{"rendered":"Msze \u015awi\u0119te i Nabo\u017ce\u0144stwa"},"content":{"rendered":"\t\t<div data-elementor-type=\"wp-page\" data-elementor-id=\"20\" class=\"elementor elementor-20\">\n\t\t\t\t\t\t<section class=\"elementor-section elementor-top-section elementor-element elementor-element-4e76cf elementor-section-boxed elementor-section-height-default elementor-section-height-default\" data-id=\"4e76cf\" data-element_type=\"section\" data-e-type=\"section\">\n\t\t\t\t\t\t<div class=\"elementor-container elementor-column-gap-default\">\n\t\t\t\t\t<div class=\"elementor-column elementor-col-100 elementor-top-column elementor-element elementor-element-416f1e79\" data-id=\"416f1e79\" data-element_type=\"column\" data-e-type=\"column\">\n\t\t\t<div class=\"elementor-widget-wrap elementor-element-populated\">\n\t\t\t\t\t\t<div class=\"elementor-element elementor-element-fd4bef1 elementor-widget elementor-widget-heading\" data-id=\"fd4bef1\" data-element_type=\"widget\" data-e-type=\"widget\" data-widget_type=\"heading.default\">\n\t\t\t\t<div class=\"elementor-widget-container\">\n\t\t\t\t\t<h4 class=\"elementor-heading-title elementor-size-default\">Msze \u015awi\u0119te i Nabo\u017ce\u0144stwa<\/h4>\t\t\t\t<\/div>\n\t\t\t\t<\/div>\n\t\t\t\t<div class=\"elementor-element elementor-element-6d2b485 elementor-widget elementor-widget-heading\" data-id=\"6d2b485\" data-element_type=\"widget\" data-e-type=\"widget\" data-widget_type=\"heading.default\">\n\t\t\t\t<div class=\"elementor-widget-container\">\n\t\t\t\t\t<h6 class=\"elementor-heading-title elementor-size-default\">Niedziele i \u015bwi\u0119ta: <\/h6>\t\t\t\t<\/div>\n\t\t\t\t<\/div>\n\t\t\t\t<div class=\"elementor-element elementor-element-82ebdc2 elementor-widget elementor-widget-text-editor\" data-id=\"82ebdc2\" data-element_type=\"widget\" data-e-type=\"widget\" data-widget_type=\"text-editor.default\">\n\t\t\t\t<div class=\"elementor-widget-container\">\n\t\t\t\t\t\t\t\t\t<p>5.30; 6.00; 7.30; 9.00; 10.30; 12.00; 16.30<\/p>\t\t\t\t\t\t\t\t<\/div>\n\t\t\t\t<\/div>\n\t\t\t\t<div class=\"elementor-element elementor-element-1a96379 elementor-widget elementor-widget-heading\" data-id=\"1a96379\" data-element_type=\"widget\" data-e-type=\"widget\" data-widget_type=\"heading.default\">\n\t\t\t\t<div class=\"elementor-widget-container\">\n\t\t\t\t\t<h6 class=\"elementor-heading-title elementor-size-default\">W dni powszednie:<\/h6>\t\t\t\t<\/div>\n\t\t\t\t<\/div>\n\t\t\t\t<div class=\"elementor-element elementor-element-205d938 elementor-widget elementor-widget-text-editor\" data-id=\"205d938\" data-element_type=\"widget\" data-e-type=\"widget\" data-widget_type=\"text-editor.default\">\n\t\t\t\t<div class=\"elementor-widget-container\">\n\t\t\t\t\t\t\t\t\t<p>5.30; 6.00; 7.00; 8.00; 9.00; 17.30<\/p>\t\t\t\t\t\t\t\t<\/div>\n\t\t\t\t<\/div>\n\t\t\t\t<div class=\"elementor-element elementor-element-5a14b7d elementor-widget elementor-widget-heading\" data-id=\"5a14b7d\" data-element_type=\"widget\" data-e-type=\"widget\" data-widget_type=\"heading.default\">\n\t\t\t\t<div class=\"elementor-widget-container\">\n\t\t\t\t\t<h6 class=\"elementor-heading-title elementor-size-default\">Nabo\u017ce\u0144stwa w dni powszednie po wieczornej Mszy \u015bw.:<\/h6>\t\t\t\t<\/div>\n\t\t\t\t<\/div>\n\t\t\t\t<div class=\"elementor-element elementor-element-250ff3b elementor-widget elementor-widget-text-editor\" data-id=\"250ff3b\" data-element_type=\"widget\" data-e-type=\"widget\" data-widget_type=\"text-editor.default\">\n\t\t\t\t<div class=\"elementor-widget-container\">\n\t\t\t\t\t\t\t\t\t<ul><li>poniedzia\u0142ek &#8211; do \u015bw. Wincentego<\/li><li>wtorek &#8211; do \u015bw. Antoniego<\/li><li>w \u015brod\u0119 &#8211; do Matki Bo\u017cej Lourde\u0144skiej<\/li><li>czwartek &#8211; za zmar\u0142ych<\/li><li>pi\u0105tek &#8211; do Pana Jezusa Milaty\u0144skiego<\/li><\/ul>\t\t\t\t\t\t\t\t<\/div>\n\t\t\t\t<\/div>\n\t\t\t\t<div class=\"elementor-element elementor-element-265685c elementor-widget elementor-widget-heading\" data-id=\"265685c\" data-element_type=\"widget\" data-e-type=\"widget\" data-widget_type=\"heading.default\">\n\t\t\t\t<div class=\"elementor-widget-container\">\n\t\t\t\t\t<h6 class=\"elementor-heading-title elementor-size-default\">Nabo\u017ce\u0144stwa w ci\u0105gu roku:\u00a0\u00a0<\/h6>\t\t\t\t<\/div>\n\t\t\t\t<\/div>\n\t\t\t\t<div class=\"elementor-element elementor-element-4fd9272 elementor-widget elementor-widget-text-editor\" data-id=\"4fd9272\" data-element_type=\"widget\" data-e-type=\"widget\" data-widget_type=\"text-editor.default\">\n\t\t\t\t<div class=\"elementor-widget-container\">\n\t\t\t\t\t\t\t\t\t<ul><li><strong>Roraty<\/strong>\u00a0 w Adwencie\u00a0 w dni powszednie o godzinie 7.00<\/li><li><strong>Droga Krzy\u017c\u00f3wa<\/strong> w Wielkim Po\u015bcie w pi\u0105tki po wieczornej Mszy \u015bw. o 18.00<\/li><li><strong> Gorzkie \u017bale<\/strong> w niedziele Wielkiego\u00a0 Postu o 17.00<\/li><li><strong> Nabo\u017ce\u0144stwo majowe i czerwcowe<\/strong> po wieczornej Mszy \u015bw.<\/li><li><strong> Nabo\u017ce\u0144stwa r\u00f3\u017ca\u0144cowe w pa\u017adzierniku<\/strong> po wieczornej Mszy \u015bw.<\/li><\/ul>\t\t\t\t\t\t\t\t<\/div>\n\t\t\t\t<\/div>\n\t\t\t\t<div class=\"elementor-element elementor-element-b9f7f3c elementor-widget elementor-widget-heading\" data-id=\"b9f7f3c\" data-element_type=\"widget\" data-e-type=\"widget\" data-widget_type=\"heading.default\">\n\t\t\t\t<div class=\"elementor-widget-container\">\n\t\t\t\t\t<h6 class=\"elementor-heading-title elementor-size-default\">Sakrament Pokuty 30 min. Przed ka\u017cd\u0105 Msz\u0105 \u015bw.<\/h6>\t\t\t\t<\/div>\n\t\t\t\t<\/div>\n\t\t\t\t<div class=\"elementor-element elementor-element-9d15988 elementor-widget elementor-widget-heading\" data-id=\"9d15988\" data-element_type=\"widget\" data-e-type=\"widget\" data-widget_type=\"heading.default\">\n\t\t\t\t<div class=\"elementor-widget-container\">\n\t\t\t\t\t<h6 class=\"elementor-heading-title elementor-size-default\">Odpusty:<\/h6>\t\t\t\t<\/div>\n\t\t\t\t<\/div>\n\t\t\t\t<div class=\"elementor-element elementor-element-50a6897f elementor-widget elementor-widget-text-editor\" data-id=\"50a6897f\" data-element_type=\"widget\" data-e-type=\"widget\" data-widget_type=\"text-editor.default\">\n\t\t\t\t<div class=\"elementor-widget-container\">\n\t\t\t\t\t\t\t\t\t<ul><li><strong>27 wrze\u015bnia<\/strong> &#8211; tytu\u0142 ko\u015bcio\u0142a \u015bw.Wincenty a Paulo<\/li><li><strong>14 wrze\u015bnia<\/strong> &#8211; Pan Jezus Milaty\u0144ski<\/li><li><strong>11 luty<\/strong> &#8211; Matki Bo\u017cej Lourde\u0144skiej<\/li><\/ul>\t\t\t\t\t\t\t\t<\/div>\n\t\t\t\t<\/div>\n\t\t\t\t<div class=\"elementor-element elementor-element-8faa818 elementor-widget elementor-widget-image\" data-id=\"8faa818\" data-element_type=\"widget\" data-e-type=\"widget\" data-widget_type=\"image.default\">\n\t\t\t\t<div class=\"elementor-widget-container\">\n\t\t\t\t\t\t\t\t\t\t\t\t\t\t\t<img fetchpriority=\"high\" decoding=\"async\" width=\"1024\" height=\"768\" src=\"https:\/\/kleparz.misjonarze.pl\/wp-content\/uploads\/2019\/10\/IMG_20191006_174155-1024x768.jpg\" class=\"attachment-large size-large wp-image-1390\" alt=\"\" srcset=\"https:\/\/kleparz.misjonarze.pl\/wp-content\/uploads\/2019\/10\/IMG_20191006_174155-1024x768.jpg 1024w, https:\/\/kleparz.misjonarze.pl\/wp-content\/uploads\/2019\/10\/IMG_20191006_174155-300x225.jpg 300w, https:\/\/kleparz.misjonarze.pl\/wp-content\/uploads\/2019\/10\/IMG_20191006_174155-768x576.jpg 768w, https:\/\/kleparz.misjonarze.pl\/wp-content\/uploads\/2019\/10\/IMG_20191006_174155-1536x1152.jpg 1536w, https:\/\/kleparz.misjonarze.pl\/wp-content\/uploads\/2019\/10\/IMG_20191006_174155-2048x1536.jpg 2048w\" sizes=\"(max-width: 1024px) 100vw, 1024px\" \/>\t\t\t\t\t\t\t\t\t\t\t\t\t\t\t<\/div>\n\t\t\t\t<\/div>\n\t\t\t\t\t<\/div>\n\t\t<\/div>\n\t\t\t\t\t<\/div>\n\t\t<\/section>\n\t\t\t\t<\/div>\n\t\t","protected":false},"excerpt":{"rendered":"<p>Msze \u015awi\u0119te i Nabo\u017ce\u0144stwa Niedziele i \u015bwi\u0119ta: 5.30; 6.00; 7.30; 9.00; 10.30; 12.00; 16.30 W dni powszednie: 5.30; 6.00; 7.00;<\/p>\n","protected":false},"author":1,"featured_media":0,"parent":27,"menu_order":3,"comment_status":"closed","ping_status":"closed","template":"elementor_header_footer","meta":{"colormag_page_container_layout":"default_layout","colormag_page_sidebar_layout":"default_layout","footnotes":""},"class_list":["post-20","page","type-page","status-publish","hentry"],"_links":{"self":[{"href":"https:\/\/kleparz.misjonarze.pl\/index.php\/wp-json\/wp\/v2\/pages\/20","targetHints":{"allow":["GET"]}}],"collection":[{"href":"https:\/\/kleparz.misjonarze.pl\/index.php\/wp-json\/wp\/v2\/pages"}],"about":[{"href":"https:\/\/kleparz.misjonarze.pl\/index.php\/wp-json\/wp\/v2\/types\/page"}],"author":[{"embeddable":true,"href":"https:\/\/kleparz.misjonarze.pl\/index.php\/wp-json\/wp\/v2\/users\/1"}],"replies":[{"embeddable":true,"href":"https:\/\/kleparz.misjonarze.pl\/index.php\/wp-json\/wp\/v2\/comments?post=20"}],"version-history":[{"count":12,"href":"https:\/\/kleparz.misjonarze.pl\/index.php\/wp-json\/wp\/v2\/pages\/20\/revisions"}],"predecessor-version":[{"id":3550,"href":"https:\/\/kleparz.misjonarze.pl\/index.php\/wp-json\/wp\/v2\/pages\/20\/revisions\/3550"}],"up":[{"embeddable":true,"href":"https:\/\/kleparz.misjonarze.pl\/index.php\/wp-json\/wp\/v2\/pages\/27"}],"wp:attachment":[{"href":"https:\/\/kleparz.misjonarze.pl\/index.php\/wp-json\/wp\/v2\/media?parent=20"}],"curies":[{"name":"wp","href":"https:\/\/api.w.org\/{rel}","templated":true}]}}