{"id":14,"date":"2013-10-08T12:25:15","date_gmt":"2013-10-08T12:25:15","guid":{"rendered":"https:\/\/kleparz.misjonarze.pl\/index.php\/wnetrze\/"},"modified":"2023-05-22T23:23:22","modified_gmt":"2023-05-22T21:23:22","slug":"wnetrze","status":"publish","type":"page","link":"https:\/\/kleparz.misjonarze.pl\/index.php\/kosciol-2\/wnetrze\/","title":{"rendered":"Wn\u0119trze ko\u015bcio\u0142a"},"content":{"rendered":"\t\t<div data-elementor-type=\"wp-page\" data-elementor-id=\"14\" class=\"elementor elementor-14\">\n\t\t\t\t\t\t<section class=\"elementor-section elementor-top-section elementor-element elementor-element-2b349aaa elementor-section-boxed elementor-section-height-default elementor-section-height-default\" data-id=\"2b349aaa\" data-element_type=\"section\" data-e-type=\"section\">\n\t\t\t\t\t\t<div class=\"elementor-container elementor-column-gap-default\">\n\t\t\t\t\t<div class=\"elementor-column elementor-col-100 elementor-top-column elementor-element elementor-element-965f06b\" data-id=\"965f06b\" data-element_type=\"column\" data-e-type=\"column\">\n\t\t\t<div class=\"elementor-widget-wrap elementor-element-populated\">\n\t\t\t\t\t\t<div class=\"elementor-element elementor-element-73ccfbf elementor-widget elementor-widget-heading\" data-id=\"73ccfbf\" data-element_type=\"widget\" data-e-type=\"widget\" data-widget_type=\"heading.default\">\n\t\t\t\t<div class=\"elementor-widget-container\">\n\t\t\t\t\t<h4 class=\"elementor-heading-title elementor-size-default\">Wn\u0119trze ko\u015bcio\u0142a<\/h4>\t\t\t\t<\/div>\n\t\t\t\t<\/div>\n\t\t\t\t<div class=\"elementor-element elementor-element-57adc7ec elementor-widget elementor-widget-text-editor\" data-id=\"57adc7ec\" data-element_type=\"widget\" data-e-type=\"widget\" data-widget_type=\"text-editor.default\">\n\t\t\t\t<div class=\"elementor-widget-container\">\n\t\t\t\t\t\t\t\t\t<p style=\"text-align: justify;\">Obecny o\u0142tarz g\u0142\u00f3wny wykonano w 1935 r. wed\u0142ug projektu Franciszka M\u0105czy\u0144skiego z bia\u0142ego marmuru i alabastru, we wn\u0119kach umieszczono drewniane figury Serca Jezusa oraz \u015bwi\u0119tych Piotra i Paw\u0142a. W lewym o\u0142tarzu bocznym znajduj\u0105 si\u0119 rze\u017aby \u015bw. Wincentego a\u00a0Paulo oraz \u015bwi\u0119tych Antoniego i J\u00f3zefa.<\/p><p style=\"text-align: justify;\">W o\u0142tarzu bocznym po prawej stronie umieszczono barokowy obraz z 1700 r. Chrystusa Ukrzy\u017cowanego zwanego Milaty\u0144skim. Zosta\u0142 on sprowadzony z Rzymu do Milatyna Nowego ko\u0142o Lwowa, od 1747 r. znajdowa\u0142 si\u0119 w ko\u015bciele karmelit\u00f3w bosych w Milatynie. W 1755 r. og\u0142oszono wizerunek Chrystusa cudownym. Do Krakowa trafi\u0142 w 1945 r, pocz\u0105tkowo zosta\u0142 umieszczony w klasztorze Misjonarzy, w 1976 r. przeniesiono go do ko\u015bcio\u0142a i umieszczono w o\u0142tarzu. Krat\u0119 zamykaj\u0105c\u0105 o\u0142tarz zaprojektowa\u0142 Wiktor Zin.<\/p><p style=\"text-align: justify;\">W latach 1934-1936 w kaplicy Matki Bo\u017cej z Lourdes nowy o\u0142tarz w kszta\u0142cie groty z Lourdes zaprojektowa\u0142 Franciszek M\u0105czy\u0144ski. Znajduje si\u0119 w nim figura Matki Boskiej ciesz\u0105ca si\u0119 w\u015br\u00f3d krakowian wielk\u0105 czci\u0105 sprowadzona z Lourdes w 1889 r..<\/p><p style=\"text-align: justify;\">Ko\u015bci\u00f3\u0142 posiada neogotyckie stalle z 1883 r, \u00a0a witra\u017ce by\u0142y wykonywane w Wiedniu w 1877 r, oraz w Krakowie w 1912 r, na jednym z nich jest wizerunek patrona ko\u015bcio\u0142a \u015bw. Wincentego a\u00a0Paulo.<\/p>\t\t\t\t\t\t\t\t<\/div>\n\t\t\t\t<\/div>\n\t\t\t\t<div class=\"elementor-element elementor-element-499b8f0 elementor-widget elementor-widget-image\" data-id=\"499b8f0\" data-element_type=\"widget\" data-e-type=\"widget\" data-widget_type=\"image.default\">\n\t\t\t\t<div class=\"elementor-widget-container\">\n\t\t\t\t\t\t\t\t\t\t\t\t\t\t\t<img fetchpriority=\"high\" decoding=\"async\" width=\"1024\" height=\"768\" src=\"https:\/\/kleparz.misjonarze.pl\/wp-content\/uploads\/2019\/10\/IMG_20191006_174155-1024x768.jpg\" class=\"attachment-large size-large wp-image-1390\" alt=\"\" srcset=\"https:\/\/kleparz.misjonarze.pl\/wp-content\/uploads\/2019\/10\/IMG_20191006_174155-1024x768.jpg 1024w, https:\/\/kleparz.misjonarze.pl\/wp-content\/uploads\/2019\/10\/IMG_20191006_174155-300x225.jpg 300w, https:\/\/kleparz.misjonarze.pl\/wp-content\/uploads\/2019\/10\/IMG_20191006_174155-768x576.jpg 768w, https:\/\/kleparz.misjonarze.pl\/wp-content\/uploads\/2019\/10\/IMG_20191006_174155-1536x1152.jpg 1536w, https:\/\/kleparz.misjonarze.pl\/wp-content\/uploads\/2019\/10\/IMG_20191006_174155-2048x1536.jpg 2048w\" sizes=\"(max-width: 1024px) 100vw, 1024px\" \/>\t\t\t\t\t\t\t\t\t\t\t\t\t\t\t<\/div>\n\t\t\t\t<\/div>\n\t\t\t\t\t<\/div>\n\t\t<\/div>\n\t\t\t\t\t<\/div>\n\t\t<\/section>\n\t\t\t\t<\/div>\n\t\t","protected":false},"excerpt":{"rendered":"<p>Wn\u0119trze ko\u015bcio\u0142a Obecny o\u0142tarz g\u0142\u00f3wny wykonano w 1935 r. wed\u0142ug projektu Franciszka M\u0105czy\u0144skiego z bia\u0142ego marmuru i alabastru, we wn\u0119kach<\/p>\n","protected":false},"author":1,"featured_media":0,"parent":27,"menu_order":2,"comment_status":"closed","ping_status":"closed","template":"elementor_header_footer","meta":{"colormag_page_container_layout":"default_layout","colormag_page_sidebar_layout":"default_layout","footnotes":""},"class_list":["post-14","page","type-page","status-publish","hentry"],"_links":{"self":[{"href":"https:\/\/kleparz.misjonarze.pl\/index.php\/wp-json\/wp\/v2\/pages\/14","targetHints":{"allow":["GET"]}}],"collection":[{"href":"https:\/\/kleparz.misjonarze.pl\/index.php\/wp-json\/wp\/v2\/pages"}],"about":[{"href":"https:\/\/kleparz.misjonarze.pl\/index.php\/wp-json\/wp\/v2\/types\/page"}],"author":[{"embeddable":true,"href":"https:\/\/kleparz.misjonarze.pl\/index.php\/wp-json\/wp\/v2\/users\/1"}],"replies":[{"embeddable":true,"href":"https:\/\/kleparz.misjonarze.pl\/index.php\/wp-json\/wp\/v2\/comments?post=14"}],"version-history":[{"count":3,"href":"https:\/\/kleparz.misjonarze.pl\/index.php\/wp-json\/wp\/v2\/pages\/14\/revisions"}],"predecessor-version":[{"id":3414,"href":"https:\/\/kleparz.misjonarze.pl\/index.php\/wp-json\/wp\/v2\/pages\/14\/revisions\/3414"}],"up":[{"embeddable":true,"href":"https:\/\/kleparz.misjonarze.pl\/index.php\/wp-json\/wp\/v2\/pages\/27"}],"wp:attachment":[{"href":"https:\/\/kleparz.misjonarze.pl\/index.php\/wp-json\/wp\/v2\/media?parent=14"}],"curies":[{"name":"wp","href":"https:\/\/api.w.org\/{rel}","templated":true}]}}