{"id":108,"date":"2014-04-19T16:06:04","date_gmt":"2014-04-19T16:06:04","guid":{"rendered":"https:\/\/kleparz.misjonarze.pl\/index.php\/informacje\/"},"modified":"2014-04-19T16:06:04","modified_gmt":"2014-04-19T16:06:04","slug":"informacje","status":"publish","type":"page","link":"https:\/\/kleparz.misjonarze.pl\/index.php\/informacje\/","title":{"rendered":"Kontakt"},"content":{"rendered":"<h2>Kontakt<\/h2>\n<p><strong>KLEPARZ &#8211;\u00a0Ko\u015bci\u00f3\u0142 Ksi\u0119\u017cy Misjonarzy \u015bw. Wincentego a Paulo<br \/><\/strong>ul. \u015aw. Filipa 17-19,\u00a0<br \/>31-150 Krak\u00f3w,<\/p>\n<p><strong>Konto Bankowe<\/strong> &#8211; Krakowski Bank Sp\u00f3\u0142dzielczy,<\/p>\n<p><strong>51859100070020004608910002<\/strong><\/p>\n<p class=\"wpcf7-contact-form-not-found\"><strong>B\u0142\u0105d:<\/strong> Brak formularza kontaktowego.<\/p>\n","protected":false},"excerpt":{"rendered":"<p>Kontakt KLEPARZ &#8211;\u00a0Ko\u015bci\u00f3\u0142 Ksi\u0119\u017cy Misjonarzy \u015bw. Wincentego a Pauloul. \u015aw. Filipa 17-19,\u00a031-150 Krak\u00f3w, Konto Bankowe &#8211; Krakowski Bank Sp\u00f3\u0142dzielczy, 51859100070020004608910002<\/p>\n","protected":false},"author":1,"featured_media":0,"parent":0,"menu_order":7,"comment_status":"closed","ping_status":"closed","template":"elementor_header_footer","meta":{"colormag_page_container_layout":"default_layout","colormag_page_sidebar_layout":"default_layout","footnotes":""},"class_list":["post-108","page","type-page","status-publish","hentry"],"_links":{"self":[{"href":"https:\/\/kleparz.misjonarze.pl\/index.php\/wp-json\/wp\/v2\/pages\/108","targetHints":{"allow":["GET"]}}],"collection":[{"href":"https:\/\/kleparz.misjonarze.pl\/index.php\/wp-json\/wp\/v2\/pages"}],"about":[{"href":"https:\/\/kleparz.misjonarze.pl\/index.php\/wp-json\/wp\/v2\/types\/page"}],"author":[{"embeddable":true,"href":"https:\/\/kleparz.misjonarze.pl\/index.php\/wp-json\/wp\/v2\/users\/1"}],"replies":[{"embeddable":true,"href":"https:\/\/kleparz.misjonarze.pl\/index.php\/wp-json\/wp\/v2\/comments?post=108"}],"version-history":[{"count":0,"href":"https:\/\/kleparz.misjonarze.pl\/index.php\/wp-json\/wp\/v2\/pages\/108\/revisions"}],"wp:attachment":[{"href":"https:\/\/kleparz.misjonarze.pl\/index.php\/wp-json\/wp\/v2\/media?parent=108"}],"curies":[{"name":"wp","href":"https:\/\/api.w.org\/{rel}","templated":true}]}}